{"id":1017,"date":"2023-01-31T11:32:23","date_gmt":"2023-01-31T10:32:23","guid":{"rendered":"https:\/\/epic-asso.com\/?page_id=1017"},"modified":"2026-02-27T11:28:23","modified_gmt":"2026-02-27T10:28:23","slug":"bureau","status":"publish","type":"page","link":"https:\/\/epic-asso.com\/index.php\/bureau\/","title":{"rendered":"Bureau"},"content":{"rendered":"\n<figure class=\"wp-block-image size-large is-style-rounded\"><img data-recalc-dims=\"1\" loading=\"lazy\" decoding=\"async\" width=\"1024\" height=\"768\" src=\"https:\/\/i0.wp.com\/epic-asso.com\/wp-content\/uploads\/2024\/07\/20240714_182749.jpg?resize=1024%2C768&#038;ssl=1\" alt=\"\" class=\"wp-image-1831\" srcset=\"https:\/\/i0.wp.com\/epic-asso.com\/wp-content\/uploads\/2024\/07\/20240714_182749-scaled.jpg?resize=1024%2C768&amp;ssl=1 1024w, https:\/\/i0.wp.com\/epic-asso.com\/wp-content\/uploads\/2024\/07\/20240714_182749-scaled.jpg?resize=300%2C225&amp;ssl=1 300w, https:\/\/i0.wp.com\/epic-asso.com\/wp-content\/uploads\/2024\/07\/20240714_182749-scaled.jpg?resize=768%2C576&amp;ssl=1 768w, https:\/\/i0.wp.com\/epic-asso.com\/wp-content\/uploads\/2024\/07\/20240714_182749-scaled.jpg?resize=1536%2C1152&amp;ssl=1 1536w, https:\/\/i0.wp.com\/epic-asso.com\/wp-content\/uploads\/2024\/07\/20240714_182749-scaled.jpg?resize=2048%2C1536&amp;ssl=1 2048w, https:\/\/i0.wp.com\/epic-asso.com\/wp-content\/uploads\/2024\/07\/20240714_182749-scaled.jpg?w=2160&amp;ssl=1 2160w\" sizes=\"auto, (max-width: 1024px) 100vw, 1024px\" \/><\/figure>\n\n\n\n<p><\/p>\n\n\n\n<hr class=\"wp-block-separator has-alpha-channel-opacity\"\/>\n\n\n\n<p><\/p>\n\n\n<div class=\"wp-block-image is-style-rounded wp-duotone-unset-1\">\n<figure class=\"align-horizontal-wrap alignleft size-large is-resized\" style=\"margin-top:0;margin-bottom:0\"><img data-recalc-dims=\"1\" loading=\"lazy\" decoding=\"async\" width=\"895\" height=\"1024\" src=\"https:\/\/i0.wp.com\/epic-asso.com\/wp-content\/uploads\/2025\/01\/NINJAV_S001_S001_T028.MOV.03_27_08_17.Still002-e1737017841322-895x1024.jpg?resize=895%2C1024&#038;ssl=1\" alt=\"\" class=\"wp-image-2099\" style=\"width:300px\" srcset=\"https:\/\/i0.wp.com\/epic-asso.com\/wp-content\/uploads\/2025\/01\/NINJAV_S001_S001_T028.MOV.03_27_08_17.Still002-e1737017841322.jpg?resize=895%2C1024&amp;ssl=1 895w, https:\/\/i0.wp.com\/epic-asso.com\/wp-content\/uploads\/2025\/01\/NINJAV_S001_S001_T028.MOV.03_27_08_17.Still002-e1737017841322.jpg?resize=262%2C300&amp;ssl=1 262w, https:\/\/i0.wp.com\/epic-asso.com\/wp-content\/uploads\/2025\/01\/NINJAV_S001_S001_T028.MOV.03_27_08_17.Still002-e1737017841322.jpg?resize=768%2C879&amp;ssl=1 768w, https:\/\/i0.wp.com\/epic-asso.com\/wp-content\/uploads\/2025\/01\/NINJAV_S001_S001_T028.MOV.03_27_08_17.Still002-e1737017841322.jpg?w=944&amp;ssl=1 944w\" sizes=\"auto, (max-width: 895px) 100vw, 895px\" \/><\/figure>\n<\/div>\n\n\n<h1 class=\"wp-block-heading has-large-font-size\"><strong>Pr\u00e9sidente :<\/strong><strong><br><\/strong><strong>Luna &#8211; Delphine<\/strong><\/h1>\n\n\n\n<h1 class=\"wp-block-heading has-normal-font-size\"><strong>D&rsquo;abord secr\u00e9taire de l&rsquo;association entre 2017 et 2019 puis vice-pr\u00e9sidente en 2022, je suis pr\u00e9sidente depuis 2023. <\/strong><br><strong>Pr\u00e9sente depuis la cr\u00e9ation en 2011, je fais \u00e9galement partie de l&rsquo;\u00e9quipe de communication et j&rsquo;appr\u00e9cie tout particuli\u00e8rement ce r\u00f4le de Community Manager pour \u00eatre au plus pr\u00e8s de vos besoins et nous rendre plus accessible.<\/strong> <br>Passionn\u00e9e par l&rsquo;inventivit\u00e9 et la beaut\u00e9 des costumes, la pratique du cosplay est secondaire chez moi, je pr\u00e9f\u00e8re me concentrer sur ceux des autres ! <\/h1>\n\n\n\n<p><\/p>\n\n\n\n<p><\/p>\n\n\n\n<p><\/p>\n\n\n\n<hr class=\"wp-block-separator has-alpha-channel-opacity\"\/>\n\n\n<div class=\"wp-block-image is-style-rounded\">\n<figure class=\"align-horizontal-wrap alignleft size-full is-resized\"><img data-recalc-dims=\"1\" loading=\"lazy\" decoding=\"async\" width=\"1080\" height=\"1440\" src=\"https:\/\/i0.wp.com\/epic-asso.com\/wp-content\/uploads\/2026\/01\/20260207_125221-scaled.jpg?resize=1080%2C1440&#038;ssl=1\" alt=\"\" class=\"wp-image-3308\" style=\"width:300px\" srcset=\"https:\/\/i0.wp.com\/epic-asso.com\/wp-content\/uploads\/2026\/01\/20260207_125221-scaled.jpg?w=1920&amp;ssl=1 1920w, https:\/\/i0.wp.com\/epic-asso.com\/wp-content\/uploads\/2026\/01\/20260207_125221-scaled.jpg?resize=225%2C300&amp;ssl=1 225w, https:\/\/i0.wp.com\/epic-asso.com\/wp-content\/uploads\/2026\/01\/20260207_125221-scaled.jpg?resize=768%2C1024&amp;ssl=1 768w, https:\/\/i0.wp.com\/epic-asso.com\/wp-content\/uploads\/2026\/01\/20260207_125221-scaled.jpg?resize=1152%2C1536&amp;ssl=1 1152w, https:\/\/i0.wp.com\/epic-asso.com\/wp-content\/uploads\/2026\/01\/20260207_125221-scaled.jpg?resize=1536%2C2048&amp;ssl=1 1536w\" sizes=\"auto, (max-width: 1080px) 100vw, 1080px\" \/><\/figure>\n<\/div>\n\n\n<p><\/p>\n\n\n\n<p><\/p>\n\n\n\n<p class=\"has-color-accent-mod-color has-text-color has-link-color has-large-font-size wp-elements-e23d93fa9054875a45cc35925b5d4980\"><strong>Secr\u00e9taire :<br> Spark &#8211; Laura<\/strong><\/p>\n\n\n\n<p class=\"has-color-intro-overlay-text-mod-color has-text-color has-link-color has-normal-font-size wp-elements-4d132b6de1b2ead789a8afbe4d137656\">Le meilleur sans h\u00e9siter !<\/p>\n\n\n\n<p class=\"has-color-header-background-mod-color has-text-color has-link-color has-normal-font-size wp-elements-4a7d804778242d2058d1e88d75fdce3e\"><strong>Adh\u00e9rente depuis 2011 et membre investie, je suis \u00e9galement cosplayeuse depuis de nombreuses ann\u00e9es. J&rsquo;ai un palmar\u00e8s qui comporte, entre autres, une s\u00e9lection au World Cosplay Summit pour repr\u00e9senter la France \u00e0 Nagoya au Japon en 2015 et une s\u00e9lection pour repr\u00e9senter la France lors de la finale de l&rsquo;European Cosplay Gathering en 2018 \u00e0 Japan Expo et suis actuellement repr\u00e9sente Nord \u00e0 la Coupe de France 2026.<\/strong><\/p>\n\n\n\n<p><\/p>\n\n\n\n<p><\/p>\n\n\n\n<p><\/p>\n\n\n\n<p><\/p>\n\n\n\n<p><\/p>\n\n\n\n<hr class=\"wp-block-separator has-alpha-channel-opacity\"\/>\n\n\n<div class=\"wp-block-image is-style-rounded\">\n<figure class=\"align-horizontal-wrap alignright size-large is-resized\"><img data-recalc-dims=\"1\" loading=\"lazy\" decoding=\"async\" width=\"683\" height=\"1024\" src=\"https:\/\/i0.wp.com\/epic-asso.com\/wp-content\/uploads\/2024\/11\/IMG_8201.jpeg?resize=683%2C1024&#038;ssl=1\" alt=\"\" class=\"wp-image-2008\" style=\"width:300px\" srcset=\"https:\/\/i0.wp.com\/epic-asso.com\/wp-content\/uploads\/2024\/11\/IMG_8201.jpeg?resize=683%2C1024&amp;ssl=1 683w, https:\/\/i0.wp.com\/epic-asso.com\/wp-content\/uploads\/2024\/11\/IMG_8201.jpeg?resize=200%2C300&amp;ssl=1 200w, https:\/\/i0.wp.com\/epic-asso.com\/wp-content\/uploads\/2024\/11\/IMG_8201.jpeg?resize=768%2C1152&amp;ssl=1 768w, https:\/\/i0.wp.com\/epic-asso.com\/wp-content\/uploads\/2024\/11\/IMG_8201.jpeg?resize=1024%2C1536&amp;ssl=1 1024w, https:\/\/i0.wp.com\/epic-asso.com\/wp-content\/uploads\/2024\/11\/IMG_8201.jpeg?w=1280&amp;ssl=1 1280w\" sizes=\"auto, (max-width: 683px) 100vw, 683px\" \/><\/figure>\n<\/div>\n\n\n<p><\/p>\n\n\n\n<p><\/p>\n\n\n\n<p><\/p>\n\n\n\n<p><\/p>\n\n\n\n<p class=\"has-color-accent-mod-color has-text-color has-link-color has-large-font-size wp-elements-3dbcd1bdd247bbab97ca6fa27a35a659\"><strong>Tr\u00e9sori\u00e8re :<br> Kimy &#8211; Camille<\/strong><\/p>\n\n\n\n<p class=\"has-color-accent-mod-color has-text-color has-link-color has-normal-font-size wp-elements-ccf0d6905b77331b0abe02dc3aa7b0ad\"><strong>Bonjour, bonjour, apr\u00e8s quelques ann\u00e9es de cosplay, j\u2019ai d\u00e9cid\u00e9 de passer de l\u2019autre c\u00f4t\u00e9 du rideau pour me pencher sur l\u2019organisation de vos concours et autres \u00e9v\u00e8nements. Je suis en charge des cordons de la bourse d\u2019EPIC alors si vous voulez travaillez avec nous, n\u2019h\u00e9sitez pas !<\/strong><\/p>\n","protected":false},"excerpt":{"rendered":"<div class=\"entry-summary\">\nPr\u00e9sidente :Luna &#8211; Delphine D&rsquo;abord secr\u00e9taire de l&rsquo;association entre 2017 et 2019 puis vice-pr\u00e9sidente en 2022, je suis pr\u00e9sidente depuis 2023. Pr\u00e9sente depuis la cr\u00e9ation en 2011, je fais \u00e9galement partie de l&rsquo;\u00e9quipe de communication et j&rsquo;appr\u00e9cie tout particuli\u00e8rement ce&hellip;\n<\/div>\n<div class=\"link-more\"><a href=\"https:\/\/epic-asso.com\/index.php\/bureau\/\" class=\"more-link\">Continue reading<span class=\"screen-reader-text\"> &ldquo;Bureau&rdquo;<\/span>&hellip;<\/a><\/div>\n","protected":false},"author":1,"featured_media":0,"parent":0,"menu_order":0,"comment_status":"closed","ping_status":"closed","template":"","meta":{"_acf_changed":false,"footnotes":""},"class_list":["post-1017","page","type-page","status-publish","hentry","entry"],"acf":[],"jetpack-related-posts":[],"_links":{"self":[{"href":"https:\/\/epic-asso.com\/index.php\/wp-json\/wp\/v2\/pages\/1017","targetHints":{"allow":["GET"]}}],"collection":[{"href":"https:\/\/epic-asso.com\/index.php\/wp-json\/wp\/v2\/pages"}],"about":[{"href":"https:\/\/epic-asso.com\/index.php\/wp-json\/wp\/v2\/types\/page"}],"author":[{"embeddable":true,"href":"https:\/\/epic-asso.com\/index.php\/wp-json\/wp\/v2\/users\/1"}],"replies":[{"embeddable":true,"href":"https:\/\/epic-asso.com\/index.php\/wp-json\/wp\/v2\/comments?post=1017"}],"version-history":[{"count":32,"href":"https:\/\/epic-asso.com\/index.php\/wp-json\/wp\/v2\/pages\/1017\/revisions"}],"predecessor-version":[{"id":3336,"href":"https:\/\/epic-asso.com\/index.php\/wp-json\/wp\/v2\/pages\/1017\/revisions\/3336"}],"wp:attachment":[{"href":"https:\/\/epic-asso.com\/index.php\/wp-json\/wp\/v2\/media?parent=1017"}],"curies":[{"name":"wp","href":"https:\/\/api.w.org\/{rel}","templated":true}]}}