{"id":103,"date":"2022-11-25T17:46:14","date_gmt":"2022-11-25T16:46:14","guid":{"rendered":"https:\/\/epic-asso.com\/?page_id=103"},"modified":"2026-02-27T11:22:46","modified_gmt":"2026-02-27T10:22:46","slug":"nos-prestations","status":"publish","type":"page","link":"https:\/\/epic-asso.com\/index.php\/nos-prestations\/","title":{"rendered":"Nos prestations"},"content":{"rendered":"\n<p>Notre association comptant une quarantaine de membres, nous sommes \u00e0 m\u00eame d&rsquo;encadrer de petits comme de grands \u00e9v\u00e8nements. R\u00e9parti.e.s sur toute la France, nos membres souhaitent promouvoir le Cosplay dans toute sa diversit\u00e9 \u00e0 travers tous types d&rsquo;activit\u00e9s.<\/p>\n\n\n\n<figure class=\"wp-block-image size-full is-resized has-custom-border is-style-rounded\"><img data-recalc-dims=\"1\" loading=\"lazy\" decoding=\"async\" width=\"1080\" height=\"810\" src=\"https:\/\/i0.wp.com\/epic-asso.com\/wp-content\/uploads\/2025\/08\/IMG_5673-scaled.jpg?resize=1080%2C810&#038;ssl=1\" alt=\"\" class=\"wp-image-2968\" style=\"border-style:none;border-width:0px;border-radius:39px;width:688px;height:auto\" srcset=\"https:\/\/i0.wp.com\/epic-asso.com\/wp-content\/uploads\/2025\/08\/IMG_5673-scaled.jpg?w=2560&amp;ssl=1 2560w, https:\/\/i0.wp.com\/epic-asso.com\/wp-content\/uploads\/2025\/08\/IMG_5673-scaled.jpg?resize=300%2C225&amp;ssl=1 300w, https:\/\/i0.wp.com\/epic-asso.com\/wp-content\/uploads\/2025\/08\/IMG_5673-scaled.jpg?resize=1024%2C768&amp;ssl=1 1024w, https:\/\/i0.wp.com\/epic-asso.com\/wp-content\/uploads\/2025\/08\/IMG_5673-scaled.jpg?resize=768%2C576&amp;ssl=1 768w, https:\/\/i0.wp.com\/epic-asso.com\/wp-content\/uploads\/2025\/08\/IMG_5673-scaled.jpg?resize=1536%2C1152&amp;ssl=1 1536w, https:\/\/i0.wp.com\/epic-asso.com\/wp-content\/uploads\/2025\/08\/IMG_5673-scaled.jpg?resize=2048%2C1536&amp;ssl=1 2048w, https:\/\/i0.wp.com\/epic-asso.com\/wp-content\/uploads\/2025\/08\/IMG_5673-scaled.jpg?w=2160&amp;ssl=1 2160w\" sizes=\"auto, (max-width: 1080px) 100vw, 1080px\" \/><\/figure>\n\n\n\n<p>Nous proposons :<\/p>\n\n\n\n<ul class=\"wp-block-list\">\n<li><strong>des concours<\/strong> : de l&rsquo;\u00e9dition des r\u00e8glements, la s\u00e9lection des jurys en passant par la gestion des inscriptions sur notre plateforme ou sur place et jusqu&rsquo;\u00e0 la remise des prix, vous pourrez compter sur notre exp\u00e9rience pour monter une animation de qualit\u00e9.<\/li>\n\n\n\n<li><strong>des d\u00e9fil\u00e9s<\/strong> : depuis quelques ann\u00e9es d\u00e9j\u00e0, le d\u00e9fil\u00e9 s\u2019\u00e9tablit comme une valeur s\u00fbre. Prendre le temps de faire quelques poses pour des photos souvenirs de l&rsquo;\u00e9v\u00e9nement ou de son costume ravit toujours la foule et les participant.e.s.<\/li>\n\n\n\n<li><strong>des prestations libres <\/strong>: souvent gage de qualit\u00e9, des prestations encadr\u00e9es comme un concours mais sans la pression du judging. Cette proposition est ouvertes aux costumes fait-main comme achet\u00e9 !<\/li>\n\n\n\n<li><strong>des animations jeux<\/strong> : avec un catalogue de jeux bien rempli, nous vous proposons des activit\u00e9s (avec ou sans \u00e9cran) qui ne n\u00e9cessitent qu&rsquo;une petite r\u00e9gie. Laissez vos visiteurs et visiteuses participer \u00e0 un Maki Quiz (inspir\u00e9 du c\u00e9l\u00e8bre Burger quiz), un questions pour un.e Geek, des blindtests musicaux et bien d&rsquo;autres encore.<\/li>\n\n\n\n<li><strong>des karaok\u00e9s <\/strong>: Choisissez le th\u00e8me et on fera chanter le public pour vous !<\/li>\n\n\n\n<li><strong>des conf\u00e9rences<\/strong> : anim\u00e9es par nos invit\u00e9.e.s ou par nos membres. Abordez l\u2019envers du d\u00e9cor avec votre public. Comment commencer le cosplay ? Comment se d\u00e9roule un concours, une inscription ? La photographie de cosplay, quelles sont ses particularit\u00e9s ? Participer \u00e0 un concours international, que savoir ? Qu\u2019est-ce qui fait le succ\u00e8s d\u2019une bonne prestation ? Toutes vos questions trouveront leurs r\u00e9ponses gr\u00e2ce \u00e0 nos conf\u00e9rences.<\/li>\n\n\n\n<li><strong>des ateliers<\/strong> : autour de la couture ou de certaines techniques utiles \u00e0 la r\u00e9alisation d\u2019\u00e9l\u00e9ments de costumes ou d\u2019accessoires, accompagn\u00e9.e.s. par nos membres cosplayeu.rs.ses, les n\u00e9ophytes ou aguerri.e.s auront la joie de fabriquer un \u00e9l\u00e9ment tout en \u00e9tant dirig\u00e9s.&nbsp;<\/li>\n\n\n\n<li><strong>de l&rsquo;exposition <\/strong>: nos membres peuvent proposer d&rsquo;exposer certains de leurs costumes pour \u00e9merveiller les yeux de vos visiteurs ! <\/li>\n\n\n\n<li><strong>une animation fil rouge<\/strong> : sur un temps imparti (de quelques heures \u00e0 quelques jours), regardez nos membres r\u00e9aliser en direct un costume ou un \u00e9l\u00e9ment d\u2019un personnage embl\u00e9matique devant les yeux des visiteu.rs\u00b7ses et r\u00e9pondre \u00e0 leurs questions.<\/li>\n\n\n\n<li><strong>un recrutement et l\u2019encadrement de cosplayeu.rs.ses <\/strong>pour d\u00e9ambuler ou participer \u00e0 des \u00e9v\u00e8nements promotionnels, tels que des sorties de films et de jeux vid\u00e9os ; des expositions et bien d\u2019autres encore.<\/li>\n<\/ul>\n\n\n\n<figure class=\"wp-block-gallery has-nested-images columns-2 is-cropped wp-block-gallery-1 is-layout-flex wp-block-gallery-is-layout-flex\">\n<figure class=\"wp-block-image size-large is-style-rounded\"><img data-recalc-dims=\"1\" loading=\"lazy\" decoding=\"async\" width=\"1024\" height=\"768\" data-id=\"1525\" src=\"https:\/\/i0.wp.com\/epic-asso.com\/wp-content\/uploads\/2024\/02\/rn_image_picker_lib_temp_901a2a04-58b6-4fe3-a8c2-1f04523d6d5f.jpg?resize=1024%2C768&#038;ssl=1\" alt=\"\" class=\"wp-image-1525\" srcset=\"https:\/\/i0.wp.com\/epic-asso.com\/wp-content\/uploads\/2024\/02\/rn_image_picker_lib_temp_901a2a04-58b6-4fe3-a8c2-1f04523d6d5f-scaled.jpg?resize=1024%2C768&amp;ssl=1 1024w, https:\/\/i0.wp.com\/epic-asso.com\/wp-content\/uploads\/2024\/02\/rn_image_picker_lib_temp_901a2a04-58b6-4fe3-a8c2-1f04523d6d5f-scaled.jpg?resize=300%2C225&amp;ssl=1 300w, https:\/\/i0.wp.com\/epic-asso.com\/wp-content\/uploads\/2024\/02\/rn_image_picker_lib_temp_901a2a04-58b6-4fe3-a8c2-1f04523d6d5f-scaled.jpg?resize=768%2C576&amp;ssl=1 768w, https:\/\/i0.wp.com\/epic-asso.com\/wp-content\/uploads\/2024\/02\/rn_image_picker_lib_temp_901a2a04-58b6-4fe3-a8c2-1f04523d6d5f-scaled.jpg?resize=1536%2C1152&amp;ssl=1 1536w, https:\/\/i0.wp.com\/epic-asso.com\/wp-content\/uploads\/2024\/02\/rn_image_picker_lib_temp_901a2a04-58b6-4fe3-a8c2-1f04523d6d5f-scaled.jpg?resize=2048%2C1536&amp;ssl=1 2048w, https:\/\/i0.wp.com\/epic-asso.com\/wp-content\/uploads\/2024\/02\/rn_image_picker_lib_temp_901a2a04-58b6-4fe3-a8c2-1f04523d6d5f-scaled.jpg?w=2160&amp;ssl=1 2160w\" sizes=\"auto, (max-width: 1024px) 100vw, 1024px\" \/><figcaption class=\"wp-element-caption\">Nos conf\u00e9rences sur des th\u00e8mes vari\u00e9s autour du cosplay et des concours<\/figcaption><\/figure>\n\n\n\n<figure class=\"wp-block-image size-large is-style-rounded\"><img data-recalc-dims=\"1\" loading=\"lazy\" decoding=\"async\" width=\"1024\" height=\"768\" data-id=\"1526\" src=\"https:\/\/i0.wp.com\/epic-asso.com\/wp-content\/uploads\/2024\/02\/Animation-jeux.jpg?resize=1024%2C768&#038;ssl=1\" alt=\"\" class=\"wp-image-1526\" srcset=\"https:\/\/i0.wp.com\/epic-asso.com\/wp-content\/uploads\/2024\/02\/Animation-jeux-scaled.jpg?resize=1024%2C768&amp;ssl=1 1024w, https:\/\/i0.wp.com\/epic-asso.com\/wp-content\/uploads\/2024\/02\/Animation-jeux-scaled.jpg?resize=300%2C225&amp;ssl=1 300w, https:\/\/i0.wp.com\/epic-asso.com\/wp-content\/uploads\/2024\/02\/Animation-jeux-scaled.jpg?resize=768%2C576&amp;ssl=1 768w, https:\/\/i0.wp.com\/epic-asso.com\/wp-content\/uploads\/2024\/02\/Animation-jeux-scaled.jpg?resize=1536%2C1152&amp;ssl=1 1536w, https:\/\/i0.wp.com\/epic-asso.com\/wp-content\/uploads\/2024\/02\/Animation-jeux-scaled.jpg?resize=2048%2C1536&amp;ssl=1 2048w, https:\/\/i0.wp.com\/epic-asso.com\/wp-content\/uploads\/2024\/02\/Animation-jeux-scaled.jpg?w=2160&amp;ssl=1 2160w\" sizes=\"auto, (max-width: 1024px) 100vw, 1024px\" \/><figcaption class=\"wp-element-caption\">Nos jeux, toujours un succ\u00e8s aupr\u00e8s des amateur.ice.s de pop culture !<\/figcaption><\/figure>\n\n\n\n<figure class=\"wp-block-image size-large is-style-rounded\"><img data-recalc-dims=\"1\" loading=\"lazy\" decoding=\"async\" width=\"768\" height=\"1024\" data-id=\"2965\" src=\"https:\/\/i0.wp.com\/epic-asso.com\/wp-content\/uploads\/2025\/08\/20250705_132903.jpg?resize=768%2C1024&#038;ssl=1\" alt=\"\" class=\"wp-image-2965\" srcset=\"https:\/\/i0.wp.com\/epic-asso.com\/wp-content\/uploads\/2025\/08\/20250705_132903-scaled.jpg?resize=768%2C1024&amp;ssl=1 768w, https:\/\/i0.wp.com\/epic-asso.com\/wp-content\/uploads\/2025\/08\/20250705_132903-scaled.jpg?resize=225%2C300&amp;ssl=1 225w, https:\/\/i0.wp.com\/epic-asso.com\/wp-content\/uploads\/2025\/08\/20250705_132903-scaled.jpg?resize=1152%2C1536&amp;ssl=1 1152w, https:\/\/i0.wp.com\/epic-asso.com\/wp-content\/uploads\/2025\/08\/20250705_132903-scaled.jpg?resize=1536%2C2048&amp;ssl=1 1536w, https:\/\/i0.wp.com\/epic-asso.com\/wp-content\/uploads\/2025\/08\/20250705_132903-scaled.jpg?w=1920&amp;ssl=1 1920w\" sizes=\"auto, (max-width: 768px) 100vw, 768px\" \/><figcaption class=\"wp-element-caption\">Le d\u00e9fil\u00e9 cosplay,<br>un immanquable sur chaque \u00e9v\u00e9nement<\/figcaption><\/figure>\n\n\n\n<figure class=\"wp-block-image size-large is-style-rounded\"><img data-recalc-dims=\"1\" loading=\"lazy\" decoding=\"async\" width=\"1024\" height=\"768\" data-id=\"2964\" src=\"https:\/\/i0.wp.com\/epic-asso.com\/wp-content\/uploads\/2025\/08\/IMG20241207113116.jpg?resize=1024%2C768&#038;ssl=1\" alt=\"\" class=\"wp-image-2964\" srcset=\"https:\/\/i0.wp.com\/epic-asso.com\/wp-content\/uploads\/2025\/08\/IMG20241207113116-scaled.jpg?resize=1024%2C768&amp;ssl=1 1024w, https:\/\/i0.wp.com\/epic-asso.com\/wp-content\/uploads\/2025\/08\/IMG20241207113116-scaled.jpg?resize=300%2C225&amp;ssl=1 300w, https:\/\/i0.wp.com\/epic-asso.com\/wp-content\/uploads\/2025\/08\/IMG20241207113116-scaled.jpg?resize=768%2C576&amp;ssl=1 768w, https:\/\/i0.wp.com\/epic-asso.com\/wp-content\/uploads\/2025\/08\/IMG20241207113116-scaled.jpg?resize=1536%2C1152&amp;ssl=1 1536w, https:\/\/i0.wp.com\/epic-asso.com\/wp-content\/uploads\/2025\/08\/IMG20241207113116-scaled.jpg?resize=2048%2C1536&amp;ssl=1 2048w, https:\/\/i0.wp.com\/epic-asso.com\/wp-content\/uploads\/2025\/08\/IMG20241207113116-scaled.jpg?w=2160&amp;ssl=1 2160w\" sizes=\"auto, (max-width: 1024px) 100vw, 1024px\" \/><figcaption class=\"wp-element-caption\">Un atelier de confection, apprenez \u00e0 cr\u00e9er, coudre, crafter avec nos membres<\/figcaption><\/figure>\n<\/figure>\n\n\n\n<figure class=\"wp-block-image size-full\"><img data-recalc-dims=\"1\" decoding=\"async\" src=\"https:\/\/i0.wp.com\/epic-asso.com\/wp-content\/uploads\/2022\/11\/cropped-epic.png?w=1080&#038;ssl=1\" alt=\"\" class=\"wp-image-20\"\/><\/figure>\n","protected":false},"excerpt":{"rendered":"<div class=\"entry-summary\">\nNotre association comptant une quarantaine de membres, nous sommes \u00e0 m\u00eame d&rsquo;encadrer de petits comme de grands \u00e9v\u00e8nements. R\u00e9parti.e.s sur toute la France, nos membres souhaitent promouvoir le Cosplay dans toute sa diversit\u00e9 \u00e0 travers tous types d&rsquo;activit\u00e9s. Nous proposons&hellip;\n<\/div>\n<div class=\"link-more\"><a href=\"https:\/\/epic-asso.com\/index.php\/nos-prestations\/\" class=\"more-link\">Continue reading<span class=\"screen-reader-text\"> &ldquo;Nos prestations&rdquo;<\/span>&hellip;<\/a><\/div>\n","protected":false},"author":1,"featured_media":0,"parent":0,"menu_order":0,"comment_status":"closed","ping_status":"closed","template":"","meta":{"_acf_changed":false,"footnotes":""},"class_list":["post-103","page","type-page","status-publish","hentry","entry"],"acf":[],"jetpack-related-posts":[],"_links":{"self":[{"href":"https:\/\/epic-asso.com\/index.php\/wp-json\/wp\/v2\/pages\/103","targetHints":{"allow":["GET"]}}],"collection":[{"href":"https:\/\/epic-asso.com\/index.php\/wp-json\/wp\/v2\/pages"}],"about":[{"href":"https:\/\/epic-asso.com\/index.php\/wp-json\/wp\/v2\/types\/page"}],"author":[{"embeddable":true,"href":"https:\/\/epic-asso.com\/index.php\/wp-json\/wp\/v2\/users\/1"}],"replies":[{"embeddable":true,"href":"https:\/\/epic-asso.com\/index.php\/wp-json\/wp\/v2\/comments?post=103"}],"version-history":[{"count":10,"href":"https:\/\/epic-asso.com\/index.php\/wp-json\/wp\/v2\/pages\/103\/revisions"}],"predecessor-version":[{"id":3334,"href":"https:\/\/epic-asso.com\/index.php\/wp-json\/wp\/v2\/pages\/103\/revisions\/3334"}],"wp:attachment":[{"href":"https:\/\/epic-asso.com\/index.php\/wp-json\/wp\/v2\/media?parent=103"}],"curies":[{"name":"wp","href":"https:\/\/api.w.org\/{rel}","templated":true}]}}