{"id":1172,"date":"2023-07-19T22:04:08","date_gmt":"2023-07-19T20:04:08","guid":{"rendered":"https:\/\/epic-asso.com\/?page_id=1172"},"modified":"2024-07-20T15:48:22","modified_gmt":"2024-07-20T13:48:22","slug":"devenir-benevole","status":"publish","type":"page","link":"https:\/\/epic-asso.com\/index.php\/devenir-benevole\/","title":{"rendered":"Nous rejoindre"},"content":{"rendered":"\n<p class=\"has-text-align-center has-color-intro-text-mod-color has-text-color has-large-font-size\"><strong>Vous avez envie de faire partie d&rsquo;une grande famille ? <\/strong><\/p>\n\n\n\n<figure class=\"wp-block-image size-full\"><img data-recalc-dims=\"1\" loading=\"lazy\" decoding=\"async\" width=\"1080\" height=\"810\" src=\"https:\/\/i0.wp.com\/epic-asso.com\/wp-content\/uploads\/2024\/07\/20240714_182749-scaled.jpg?resize=1080%2C810&#038;ssl=1\" alt=\"\" class=\"wp-image-1831\" srcset=\"https:\/\/i0.wp.com\/epic-asso.com\/wp-content\/uploads\/2024\/07\/20240714_182749-scaled.jpg?w=2560&amp;ssl=1 2560w, https:\/\/i0.wp.com\/epic-asso.com\/wp-content\/uploads\/2024\/07\/20240714_182749-scaled.jpg?resize=300%2C225&amp;ssl=1 300w, https:\/\/i0.wp.com\/epic-asso.com\/wp-content\/uploads\/2024\/07\/20240714_182749-scaled.jpg?resize=1024%2C768&amp;ssl=1 1024w, https:\/\/i0.wp.com\/epic-asso.com\/wp-content\/uploads\/2024\/07\/20240714_182749-scaled.jpg?resize=768%2C576&amp;ssl=1 768w, https:\/\/i0.wp.com\/epic-asso.com\/wp-content\/uploads\/2024\/07\/20240714_182749-scaled.jpg?resize=1536%2C1152&amp;ssl=1 1536w, https:\/\/i0.wp.com\/epic-asso.com\/wp-content\/uploads\/2024\/07\/20240714_182749-scaled.jpg?resize=2048%2C1536&amp;ssl=1 2048w, https:\/\/i0.wp.com\/epic-asso.com\/wp-content\/uploads\/2024\/07\/20240714_182749-scaled.jpg?w=2160&amp;ssl=1 2160w\" sizes=\"auto, (max-width: 1080px) 100vw, 1080px\" \/><\/figure>\n\n\n\n<p class=\"has-color-intro-text-mod-color has-text-color has-large-font-size\">L&rsquo;association Epic recherche de nouveaux membres pour \u00e9largir ses rangs <img loading=\"lazy\" decoding=\"async\" alt=\"\ud83d\ude09\" src=\"https:\/\/static.xx.fbcdn.net\/images\/emoji.php\/v9\/t57\/1\/16\/1f609.png\" width=\"16\" height=\"16\"><\/p>\n\n\n\n<p class=\"has-color-intro-text-mod-color has-text-color has-large-font-size\">Si vous \u00eates int\u00e9ress\u00e9.e.s par l&rsquo;organisation de concours cosplays, aider et accompagner les cosplayeur.se.s afin qu&rsquo;ielles puissent passer un bon moment sur sc\u00e8ne, animer des jeux, ou que notre association vous a tap\u00e9 dans l\u2019\u0153il, le moment de proposer votre candidature est arriv\u00e9 !<\/p>\n\n\n\n<p class=\"has-color-intro-text-mod-color has-text-color has-large-font-size\">Si l&rsquo;aventure vous tente, vous pouvez remplir le document suivant !<\/p>\n\n\n\n<p class=\"has-text-align-center has-color-intro-overlay-background-mod-color has-text-color has-large-font-size\"><a href=\"https:\/\/forms.gle\/S3R8JevzZuXp35L68\">https:\/\/forms.gle\/S3R8JevzZuXp35L68<\/a><\/p>\n\n\n\n<p class=\"has-color-intro-text-mod-color has-text-color has-large-font-size\">N&rsquo;h\u00e9sitez pas \u00e0 d\u00e9tailler toutes les exp\u00e9riences que vous auriez eu avec le cosplay, en tant que participant.e.s, photographes, accompagnant.e ou helper\/helpeuse de cosplayeur.se, ou tout simplement dans le monde associatif !<\/p>\n\n\n\n<p class=\"has-color-intro-text-mod-color has-text-color has-large-font-size\">Nous avons h\u00e2te de lire vos candidatures et de vous voir rejoindre nos rangs !<\/p>\n\n\n\n<p class=\"has-color-intro-text-mod-color has-text-color has-large-font-size\">Pour toutes questions suppl\u00e9mentaires, n&rsquo;h\u00e9sitez pas \u00e0 nous joindre par message priv\u00e9 sur les r\u00e9seaux sociaux ou \u00e0 envoyer un mail \u00e0 l&rsquo;adresse contact[at]epic-asso.com.<\/p>\n\n\n\n<figure class=\"wp-block-image size-large\"><img data-recalc-dims=\"1\" loading=\"lazy\" decoding=\"async\" width=\"1024\" height=\"768\" src=\"https:\/\/i0.wp.com\/epic-asso.com\/wp-content\/uploads\/2023\/07\/358697800_655250496636346_744651437459251462_n.jpg?resize=1024%2C768&#038;ssl=1\" alt=\"\" class=\"wp-image-1258\" srcset=\"https:\/\/i0.wp.com\/epic-asso.com\/wp-content\/uploads\/2023\/07\/358697800_655250496636346_744651437459251462_n.jpg?resize=1024%2C768&amp;ssl=1 1024w, https:\/\/i0.wp.com\/epic-asso.com\/wp-content\/uploads\/2023\/07\/358697800_655250496636346_744651437459251462_n.jpg?resize=300%2C225&amp;ssl=1 300w, https:\/\/i0.wp.com\/epic-asso.com\/wp-content\/uploads\/2023\/07\/358697800_655250496636346_744651437459251462_n.jpg?resize=768%2C576&amp;ssl=1 768w, https:\/\/i0.wp.com\/epic-asso.com\/wp-content\/uploads\/2023\/07\/358697800_655250496636346_744651437459251462_n.jpg?resize=1536%2C1152&amp;ssl=1 1536w, https:\/\/i0.wp.com\/epic-asso.com\/wp-content\/uploads\/2023\/07\/358697800_655250496636346_744651437459251462_n.jpg?w=2048&amp;ssl=1 2048w\" sizes=\"auto, (max-width: 1024px) 100vw, 1024px\" \/><\/figure>\n","protected":false},"excerpt":{"rendered":"<div class=\"entry-summary\">\nVous avez envie de faire partie d&rsquo;une grande famille ? L&rsquo;association Epic recherche de nouveaux membres pour \u00e9largir ses rangs Si vous \u00eates int\u00e9ress\u00e9.e.s par l&rsquo;organisation de concours cosplays, aider et accompagner les cosplayeur.se.s afin qu&rsquo;ielles puissent passer un bon&hellip;\n<\/div>\n<div class=\"link-more\"><a href=\"https:\/\/epic-asso.com\/index.php\/devenir-benevole\/\" class=\"more-link\">Continue reading<span class=\"screen-reader-text\"> &ldquo;Nous rejoindre&rdquo;<\/span>&hellip;<\/a><\/div>\n","protected":false},"author":1,"featured_media":0,"parent":0,"menu_order":0,"comment_status":"closed","ping_status":"closed","template":"","meta":{"_acf_changed":false,"footnotes":""},"class_list":["post-1172","page","type-page","status-publish","hentry","entry"],"acf":[],"jetpack-related-posts":[],"_links":{"self":[{"href":"https:\/\/epic-asso.com\/index.php\/wp-json\/wp\/v2\/pages\/1172","targetHints":{"allow":["GET"]}}],"collection":[{"href":"https:\/\/epic-asso.com\/index.php\/wp-json\/wp\/v2\/pages"}],"about":[{"href":"https:\/\/epic-asso.com\/index.php\/wp-json\/wp\/v2\/types\/page"}],"author":[{"embeddable":true,"href":"https:\/\/epic-asso.com\/index.php\/wp-json\/wp\/v2\/users\/1"}],"replies":[{"embeddable":true,"href":"https:\/\/epic-asso.com\/index.php\/wp-json\/wp\/v2\/comments?post=1172"}],"version-history":[{"count":10,"href":"https:\/\/epic-asso.com\/index.php\/wp-json\/wp\/v2\/pages\/1172\/revisions"}],"predecessor-version":[{"id":1832,"href":"https:\/\/epic-asso.com\/index.php\/wp-json\/wp\/v2\/pages\/1172\/revisions\/1832"}],"wp:attachment":[{"href":"https:\/\/epic-asso.com\/index.php\/wp-json\/wp\/v2\/media?parent=1172"}],"curies":[{"name":"wp","href":"https:\/\/api.w.org\/{rel}","templated":true}]}}