{"id":9,"date":"2022-11-24T13:57:18","date_gmt":"2022-11-24T12:57:18","guid":{"rendered":"https:\/\/epic-asso.com\/?page_id=9"},"modified":"2025-08-15T23:21:29","modified_gmt":"2025-08-15T21:21:29","slug":"a-propos-de-nous","status":"publish","type":"page","link":"https:\/\/epic-asso.com\/","title":{"rendered":"Accueil"},"content":{"rendered":"\n<p class=\"has-large-font-size\">L&rsquo;association EPIC est sp\u00e9cialis\u00e9e dans l&rsquo;organisation des concours cosplay. Depuis 2011, les membres de l&rsquo;association oeuvrent pour des d\u00e9fil\u00e9s et animations de qualit\u00e9 sous la banni\u00e8re violette. EPIC est une association \u00e0 but non lucratif, r\u00e9gie par la loi du 1er juillet 1901.<\/p>\n\n\n\n<p class=\"has-large-font-size\">Organisateur, entre autres, des concours de la c\u00e9l\u00e8bre Japan Expo, EPIC g\u00e8re depuis de nombreuses ann\u00e9es la finale de l&rsquo;Extreme Cosplay Gathering (ECG) et sa s\u00e9lection fran\u00e7aise. Depuis de nombreuses ann\u00e9es, nous encadrons \u00e9galement la s\u00e9lection fran\u00e7aise du World Cosplay Summit pour une finale incroyable au Japon. <br>En plus des concours, nous avons \u00e9galement pu encadrer des cosplayeur.se.s dans le cadre d&rsquo;offres promotionnelles, de sorties de films ou encore lors de salons du livre.<\/p>\n\n\n\n<figure class=\"wp-block-image size-full\"><img data-recalc-dims=\"1\" loading=\"lazy\" decoding=\"async\" width=\"1080\" height=\"720\" src=\"https:\/\/i0.wp.com\/epic-asso.com\/wp-content\/uploads\/2024\/07\/13072024_DN_5301-scaled.jpg?resize=1080%2C720&#038;ssl=1\" alt=\"\" class=\"wp-image-1829\" srcset=\"https:\/\/i0.wp.com\/epic-asso.com\/wp-content\/uploads\/2024\/07\/13072024_DN_5301-scaled.jpg?w=2560&amp;ssl=1 2560w, https:\/\/i0.wp.com\/epic-asso.com\/wp-content\/uploads\/2024\/07\/13072024_DN_5301-scaled.jpg?resize=300%2C200&amp;ssl=1 300w, https:\/\/i0.wp.com\/epic-asso.com\/wp-content\/uploads\/2024\/07\/13072024_DN_5301-scaled.jpg?resize=1024%2C683&amp;ssl=1 1024w, https:\/\/i0.wp.com\/epic-asso.com\/wp-content\/uploads\/2024\/07\/13072024_DN_5301-scaled.jpg?resize=768%2C512&amp;ssl=1 768w, https:\/\/i0.wp.com\/epic-asso.com\/wp-content\/uploads\/2024\/07\/13072024_DN_5301-scaled.jpg?resize=1536%2C1024&amp;ssl=1 1536w, https:\/\/i0.wp.com\/epic-asso.com\/wp-content\/uploads\/2024\/07\/13072024_DN_5301-scaled.jpg?resize=2048%2C1365&amp;ssl=1 2048w, https:\/\/i0.wp.com\/epic-asso.com\/wp-content\/uploads\/2024\/07\/13072024_DN_5301-scaled.jpg?w=2160&amp;ssl=1 2160w\" sizes=\"auto, (max-width: 1080px) 100vw, 1080px\" \/><\/figure>\n\n\n\n<p class=\"has-large-font-size\">Lors d&rsquo;\u00e9v\u00e8nements, nous avons aussi fait nos preuves en tant qu&rsquo;animateur.rice.s en proposant des jeux cr\u00e9\u00e9s par nos soins, des conf\u00e9rences, des ateliers de fabrication et m\u00eame la cr\u00e9ation d&rsquo;un costume en direct sur place !<\/p>\n\n\n\n<p class=\"has-large-font-size\">La localisation et le nombre de nos membres nous permettent \u00e9galement de nous rendre r\u00e9guli\u00e8rement disponibles pour des \u00e9v\u00e8nements familiaux un peu partout en France afin d&rsquo;apporter une prestation personnalis\u00e9e qui ravira cosplayeur.se.s, visiteur.se.s et partenaires.<\/p>\n\n\n\n<p class=\"has-large-font-size\">Forts de nos nombreuses ann\u00e9es d&rsquo;exp\u00e9riences, nous avons \u00e0 c\u0153ur de proposer des solutions de qualit\u00e9 aux partenaires qui souhaitent apporter une touche Cosplay \u00e0 leur \u00e9v\u00e9nement !<\/p>\n\n\n\n<p class=\"has-text-align-center has-color-accent-mod-color has-text-color has-large-font-size\"><strong>Une question \u00e0 nous poser ? Une remarque \u00e0 nous faire ?<\/strong><br><strong>Contactez-nous \u00e0 <em>contact[at]epic-asso.com<\/em><\/strong> <strong>ou ci-dessous<\/strong> !<br><br><strong>Et si l&rsquo;aventure vous tente, rejoignez-nous via l&rsquo;onglet Recrutement !<\/strong><br><br><strong>Tous nos liens sont disponibles sur notre <a href=\"https:\/\/linktr.ee\/epic_asso\" data-type=\"link\" data-id=\"https:\/\/linktr.ee\/epic_asso\" target=\"_blank\" rel=\"noreferrer noopener\">Linktree<\/a> !<\/strong><br><br><br><br><strong>Pour nos partenaires : <br><a href=\"https:\/\/drive.google.com\/drive\/folders\/1jtihhrWGzCX1oqjlrWUsmvh-Nd31k7du?usp=sharing\" target=\"_blank\" rel=\"noreferrer noopener\">Communication Partenaires<\/a><\/strong><\/p>\n\n\n\n<p><\/p>\n","protected":false},"excerpt":{"rendered":"<div class=\"entry-summary\">\nL&rsquo;association EPIC est sp\u00e9cialis\u00e9e dans l&rsquo;organisation des concours cosplay. Depuis 2011, les membres de l&rsquo;association oeuvrent pour des d\u00e9fil\u00e9s et animations de qualit\u00e9 sous la banni\u00e8re violette. EPIC est une association \u00e0 but non lucratif, r\u00e9gie par la loi du&hellip;\n<\/div>\n<div class=\"link-more\"><a href=\"https:\/\/epic-asso.com\/\" class=\"more-link\">Continue reading<span class=\"screen-reader-text\"> &ldquo;Accueil&rdquo;<\/span>&hellip;<\/a><\/div>\n","protected":false},"author":1,"featured_media":0,"parent":0,"menu_order":0,"comment_status":"open","ping_status":"closed","template":"","meta":{"_acf_changed":false,"footnotes":""},"class_list":["post-9","page","type-page","status-publish","hentry","entry"],"acf":[],"jetpack-related-posts":[],"_links":{"self":[{"href":"https:\/\/epic-asso.com\/index.php\/wp-json\/wp\/v2\/pages\/9","targetHints":{"allow":["GET"]}}],"collection":[{"href":"https:\/\/epic-asso.com\/index.php\/wp-json\/wp\/v2\/pages"}],"about":[{"href":"https:\/\/epic-asso.com\/index.php\/wp-json\/wp\/v2\/types\/page"}],"author":[{"embeddable":true,"href":"https:\/\/epic-asso.com\/index.php\/wp-json\/wp\/v2\/users\/1"}],"replies":[{"embeddable":true,"href":"https:\/\/epic-asso.com\/index.php\/wp-json\/wp\/v2\/comments?post=9"}],"version-history":[{"count":51,"href":"https:\/\/epic-asso.com\/index.php\/wp-json\/wp\/v2\/pages\/9\/revisions"}],"predecessor-version":[{"id":2982,"href":"https:\/\/epic-asso.com\/index.php\/wp-json\/wp\/v2\/pages\/9\/revisions\/2982"}],"wp:attachment":[{"href":"https:\/\/epic-asso.com\/index.php\/wp-json\/wp\/v2\/media?parent=9"}],"curies":[{"name":"wp","href":"https:\/\/api.w.org\/{rel}","templated":true}]}}